{"id":1919,"date":"2025-10-19T12:39:44","date_gmt":"2025-10-19T12:39:44","guid":{"rendered":"https:\/\/vlrink.com\/?page_id=1919"},"modified":"2026-04-13T11:40:17","modified_gmt":"2026-04-13T11:40:17","slug":"impressum","status":"publish","type":"page","link":"https:\/\/vlrink.com\/de\/impressum\/","title":{"rendered":"Impressum"},"content":{"rendered":"<div class=\"fusion-fullwidth fullwidth-box fusion-builder-row-1 fusion-flex-container nonhundred-percent-fullwidth non-hundred-percent-height-scrolling\" style=\"--awb-border-radius-top-left:0px;--awb-border-radius-top-right:0px;--awb-border-radius-bottom-right:0px;--awb-border-radius-bottom-left:0px;--awb-flex-wrap:wrap;\" ><div class=\"fusion-builder-row fusion-row fusion-flex-align-items-flex-start fusion-flex-content-wrap\" style=\"max-width:1331.2px;margin-left: calc(-4% \/ 2 );margin-right: calc(-4% \/ 2 );\"><div class=\"fusion-layout-column fusion_builder_column fusion-builder-column-0 fusion_builder_column_1_1 1_1 fusion-flex-column\" style=\"--awb-bg-size:cover;--awb-width-large:100%;--awb-margin-top-large:0px;--awb-spacing-right-large:1.92%;--awb-margin-bottom-large:0px;--awb-spacing-left-large:1.92%;--awb-width-medium:100%;--awb-spacing-right-medium:1.92%;--awb-spacing-left-medium:1.92%;--awb-width-small:100%;--awb-spacing-right-small:1.92%;--awb-spacing-left-small:1.92%;\"><div class=\"fusion-column-wrapper fusion-flex-justify-content-flex-start fusion-content-layout-column\"><div class=\"fusion-text fusion-text-1\"><h1>Impressum<\/h1>\n<p>Angaben gem\u00e4\u00df \u00a7 5 TMG<\/p>\n<p>Valeriia Chumachenko <br \/>Leistenstra\u00dfe 3 <br \/>97082 W\u00fcrzburg <br \/>Deutschland<\/p>\n<p>E-Mail: vlr.tattooing@gmail.com<\/p>\n<p>Steuernummer: 257\/209\/30865 <br \/>Umsatzsteuer-ID: DE370146319<\/p>\n<p>Berufsbezeichnung: T\u00e4towiererin<\/p>\n<p>Zust\u00e4ndige Aufsichtsbeh\u00f6rde: <br \/>Stadt W\u00fcrzburg \u2013 Gewerbeamt <br \/>R\u00fcckermainstra\u00dfe 2 <br \/>97070 W\u00fcrzburg<\/p>\n<p><strong>Umsatzsteuer-ID: <\/strong> <br \/>Umsatzsteuer-Identifikationsnummer gem\u00e4\u00df \u00a727a Umsatzsteuergesetz: 23\/251\/04561<\/p>\n<p><strong>Wirtschafts-ID: <\/strong><\/p>\n<p><strong>Haftungsausschluss: <\/strong><\/p>\n<p><strong>Datenschutz<\/strong><\/p>\n<p>Die Nutzung unserer Webseite ist in der Regel ohne Angabe personenbezogener Daten m\u00f6glich. Soweit auf unseren Seiten personenbezogene Daten (beispielsweise Name, Anschrift oder eMail-Adressen) erhoben werden, erfolgt dies, soweit m\u00f6glich, stets auf freiwilliger Basis. Diese Daten werden ohne Ihre ausdr\u00fcckliche Zustimmung nicht an Dritte weitergegeben. <br \/>Wir weisen darauf hin, dass die Daten\u00fcbertragung im Internet (z.B. bei der Kommunikation per E-Mail) Sicherheitsl\u00fccken aufweisen kann. Ein l\u00fcckenloser Schutz der Daten vor dem Zugriff durch Dritte ist nicht m\u00f6glich. <br \/>Der Nutzung von im Rahmen der Impressumspflicht ver\u00f6ffentlichten Kontaktdaten durch Dritte zur \u00dcbersendung von nicht ausdr\u00fccklich angeforderter Werbung und Informationsmaterialien wird hiermit ausdr\u00fccklich widersprochen. Die Betreiber der Seiten behalten sich ausdr\u00fccklich rechtliche Schritte im Falle der unverlangten Zusendung von Werbeinformationen, etwa durch Spam-Mails, vor.<\/p>\n<p>Erstellt mit <a href=\"https:\/\/impressum-generator.de\" rel=\"dofollow\">Impressum-Generator.de<\/a>, dem Tool f\u00fcr Impressum und <a href=\"https:\/\/impressum-generator.de\/datenschutz-generator\" rel=\"dofollow\">Datenschutz-Erkl\u00e4rung<\/a>. Nach einer Vorlage der <a href=\"https:\/\/www.kanzlei-hasselbach.de\/\" rel=\"dofollow\">Kanzlei Hasselbach<\/a>.<\/p>\n<\/div><\/div><\/div><\/div><\/div>","protected":false},"excerpt":{"rendered":"","protected":false},"author":1,"featured_media":0,"parent":0,"menu_order":0,"comment_status":"closed","ping_status":"closed","template":"100-width.php","meta":{"footnotes":""},"class_list":["post-1919","page","type-page","status-publish","hentry"],"acf":[],"_links":{"self":[{"href":"https:\/\/vlrink.com\/de\/wp-json\/wp\/v2\/pages\/1919","targetHints":{"allow":["GET"]}}],"collection":[{"href":"https:\/\/vlrink.com\/de\/wp-json\/wp\/v2\/pages"}],"about":[{"href":"https:\/\/vlrink.com\/de\/wp-json\/wp\/v2\/types\/page"}],"author":[{"embeddable":true,"href":"https:\/\/vlrink.com\/de\/wp-json\/wp\/v2\/users\/1"}],"replies":[{"embeddable":true,"href":"https:\/\/vlrink.com\/de\/wp-json\/wp\/v2\/comments?post=1919"}],"version-history":[{"count":4,"href":"https:\/\/vlrink.com\/de\/wp-json\/wp\/v2\/pages\/1919\/revisions"}],"predecessor-version":[{"id":1948,"href":"https:\/\/vlrink.com\/de\/wp-json\/wp\/v2\/pages\/1919\/revisions\/1948"}],"wp:attachment":[{"href":"https:\/\/vlrink.com\/de\/wp-json\/wp\/v2\/media?parent=1919"}],"curies":[{"name":"wp","href":"https:\/\/api.w.org\/{rel}","templated":true}]}}